{"id":3416,"date":"2023-04-12T14:58:05","date_gmt":"2023-04-12T12:58:05","guid":{"rendered":"https:\/\/milco.ch\/?page_id=3416"},"modified":"2025-12-23T15:59:41","modified_gmt":"2025-12-23T14:59:41","slug":"le-fribourg-2","status":"publish","type":"page","link":"http:\/\/www.milco.ch\/de\/le-fribourg-2\/","title":{"rendered":"Le Fribourg"},"content":{"rendered":"\n[et_pb_section fb_built=\u00a0\u00bb1&Prime; _builder_version=\u00a0\u00bb4.19.5&Prime; _module_preset=\u00a0\u00bbdefault\u00a0\u00bb background_image=\u00a0\u00bbhttps:\/\/milco.ch\/wp-content\/uploads\/2021\/06\/Milco-Cave-21-scaled.jpg\u00a0\u00bb min_height=\u00a0\u00bb350px\u00a0\u00bb global_colors_info=\u00a0\u00bb{}\u00a0\u00bb][\/et_pb_section][et_pb_section fb_built=\u00a0\u00bb1&Prime; module_id=\u00a0\u00bble-fribourg\u00a0\u00bb _builder_version=\u00a0\u00bb4.17.6&Prime; _module_preset=\u00a0\u00bbdefault\u00a0\u00bb background_enable_color=\u00a0\u00bboff\u00a0\u00bb global_colors_info=\u00a0\u00bb{}\u00a0\u00bb][et_pb_row column_structure=\u00a0\u00bb1_2,1_2&Prime; _builder_version=\u00a0\u00bb4.19.5&Prime; _module_preset=\u00a0\u00bbdefault\u00a0\u00bb custom_margin=\u00a0\u00bb0px|auto||auto|false|false\u00a0\u00bb global_colors_info=\u00a0\u00bb{}\u00a0\u00bb][et_pb_column type=\u00a0\u00bb1_2&Prime; _builder_version=\u00a0\u00bb4.17.4&Prime; _module_preset=\u00a0\u00bbdefault\u00a0\u00bb global_colors_info=\u00a0\u00bb{}\u00a0\u00bb][et_pb_text module_id=\u00a0\u00bbbrown-color\u00a0\u00bb _builder_version=\u00a0\u00bb4.19.5&Prime; _module_preset=\u00a0\u00bbdefault\u00a0\u00bb text_font=\u00a0\u00bbActor||||||||\u00a0\u00bb min_height=\u00a0\u00bb589.7px\u00a0\u00bb global_colors_info=\u00a0\u00bb{}\u00a0\u00bb]<h1 style=\"text-align: justify;\">Le Fribourg<\/h1>\n<p style=\"text-align: justify;\">Le Fribourg est notre nouveau fromage \u00e0 p\u00e2te dure au lait thermis\u00e9. Nous utilisons une recette ancestrale avec une pr\u00e9sure \u00e0 l&rsquo;ancienne et des ferments maison sur petit-lait.<\/p>\n<p style=\"text-align: justify;\">Puis, pendant 6 \u00e0 12 mois, nos fromagers prennent soin de nos fromages jusqu&rsquo;\u00e0 ce qu&rsquo;ils aient atteint la maturit\u00e9 souhait\u00e9e.<br \/>Finalement, gr\u00e2ce \u00e0 l\u2019alliance de notre savoir-faire, de notre recette et finalement du terroir et de la tradition, Le Fribourg a une p\u00e2te \u00e0 la texture beurr\u00e9e avec un go\u00fbt floral, aromatique et typ\u00e9.<\/p>\n<p style=\"text-align: justify;\">Le label de durabilit\u00e9 IP-Suisse repr\u00e9sente un engagement pour une production respectueuse de la nature.<\/p>\n<p style=\"text-align: justify;\">Son nom est en hommage au magnifique pays de Fribourg. Cette r\u00e9gion de Suisse-romande est r\u00e9put\u00e9 pour ses richesses naturelles, ses paysages ainsi que ses p\u00e2turages. Ce fromage t\u00e9moigne \u00e9galement de notre attachement \u00e0 la tradition, \u00e0 la culture et au savoir-faire de cette magnifique r\u00e9gion. Depuis notre cr\u00e9ation, notre entreprise a toujours fait partie de cette r\u00e9gion.<\/p>[\/et_pb_text][\/et_pb_column][et_pb_column type=\u00a0\u00bb1_2&Prime; _builder_version=\u00a0\u00bb4.16&Prime; _module_preset=\u00a0\u00bbdefault\u00a0\u00bb global_colors_info=\u00a0\u00bb{}\u00a0\u00bb][et_pb_image src=\u00a0\u00bbhttps:\/\/milco.ch\/wp-content\/uploads\/2022\/10\/milco_le_fribourg_logo_depot_marque.jpg\u00a0\u00bb title_text=\u00a0\u00bbmilco_le_fribourg_logo_depot_marque\u00a0\u00bb align=\u00a0\u00bbcenter\u00a0\u00bb _builder_version=\u00a0\u00bb4.19.5&Prime; _module_preset=\u00a0\u00bbdefault\u00a0\u00bb height=\u00a0\u00bb577px\u00a0\u00bb global_colors_info=\u00a0\u00bb{}\u00a0\u00bb][\/et_pb_image][\/et_pb_column][\/et_pb_row][et_pb_row column_structure=\u00a0\u00bb1_4,3_4&Prime; _builder_version=\u00a0\u00bb4.19.5&Prime; _module_preset=\u00a0\u00bbdefault\u00a0\u00bb global_colors_info=\u00a0\u00bb{}\u00a0\u00bb][et_pb_column type=\u00a0\u00bb1_4&Prime; _builder_version=\u00a0\u00bb4.19.5&Prime; _module_preset=\u00a0\u00bbdefault\u00a0\u00bb global_colors_info=\u00a0\u00bb{}\u00a0\u00bb][et_pb_image src=\u00a0\u00bbhttps:\/\/milco.ch\/wp-content\/uploads\/2023\/04\/IPS_Logo_Mengenausgleich_d_f_i_rgb.png\u00a0\u00bb title_text=\u00a0\u00bbIPS_Logo_Mengenausgleich_d_f_i_rgb\u00a0\u00bb align=\u00a0\u00bbcenter\u00a0\u00bb _builder_version=\u00a0\u00bb4.19.5&Prime; _module_preset=\u00a0\u00bbdefault\u00a0\u00bb width=\u00a0\u00bb100%\u00a0\u00bb module_alignment=\u00a0\u00bbleft\u00a0\u00bb custom_margin=\u00a0\u00bb||||false|false\u00a0\u00bb global_colors_info=\u00a0\u00bb{}\u00a0\u00bb][\/et_pb_image][\/et_pb_column][et_pb_column type=\u00a0\u00bb3_4&Prime; _builder_version=\u00a0\u00bb4.19.5&Prime; _module_preset=\u00a0\u00bbdefault\u00a0\u00bb global_colors_info=\u00a0\u00bb{}\u00a0\u00bb][et_pb_text _builder_version=\u00a0\u00bb4.19.5&Prime; _module_preset=\u00a0\u00bbdefault\u00a0\u00bb width=\u00a0\u00bb100%\u00a0\u00bb max_width=\u00a0\u00bb100%\u00a0\u00bb module_alignment=\u00a0\u00bbcenter\u00a0\u00bb custom_margin=\u00a0\u00bb100px||||false|false\u00a0\u00bb global_colors_info=\u00a0\u00bb{}\u00a0\u00bb]<p>Notre lait est certifi\u00e9 IP-Suisse, et provient d&rsquo;exploitations agricoles 100% fribourgeoises.<\/p>[\/et_pb_text][\/et_pb_column][\/et_pb_row][et_pb_row _builder_version=\u00a0\u00bb4.19.5&Prime; _module_preset=\u00a0\u00bbdefault\u00a0\u00bb global_colors_info=\u00a0\u00bb{}\u00a0\u00bb][et_pb_column type=\u00a0\u00bb4_4&Prime; _builder_version=\u00a0\u00bb4.19.5&Prime; _module_preset=\u00a0\u00bbdefault\u00a0\u00bb global_colors_info=\u00a0\u00bb{}\u00a0\u00bb][et_pb_text _builder_version=\u00a0\u00bb4.19.5&Prime; _module_preset=\u00a0\u00bbdefault\u00a0\u00bb global_colors_info=\u00a0\u00bb{}\u00a0\u00bb]<p>La nouvelle fondue Le Fribourg est une alliance de terroir et de tradition. Elle met \u00e0 l\u2019honneur le savoir-faire fromager r\u00e9gional ainsi que le lait du pays de Fribourg, o\u00f9 les p\u00e2turages et la flore sont tr\u00e8s riches. Le m\u00e9lange unique de nos fromages lab\u00e9lis\u00e9s IP-Suisse Le Fribourg et le Tsal\u00e8 lui conf\u00e8re un go\u00fbt typ\u00e9 et une texture onctueuse.<\/p>[\/et_pb_text][\/et_pb_column][\/et_pb_row][et_pb_row _builder_version=\u00a0\u00bb4.19.5&Prime; _module_preset=\u00a0\u00bbdefault\u00a0\u00bb global_colors_info=\u00a0\u00bb{}\u00a0\u00bb][et_pb_column type=\u00a0\u00bb4_4&Prime; _builder_version=\u00a0\u00bb4.19.5&Prime; _module_preset=\u00a0\u00bbdefault\u00a0\u00bb global_colors_info=\u00a0\u00bb{}\u00a0\u00bb][dica_divi_carousel show_items_desktop=\u00a0\u00bb3&Prime; loop=\u00a0\u00bbon\u00a0\u00bb autoplay=\u00a0\u00bbon\u00a0\u00bb hoverpause=\u00a0\u00bbon\u00a0\u00bb autoplay_speed=\u00a0\u00bb2000&Prime; arrow_nav=\u00a0\u00bbon\u00a0\u00bb item_spacing=\u00a0\u00bb40&Prime; item_vertical_align=\u00a0\u00bbcenter\u00a0\u00bb advanced_effect=\u00a0\u00bb1&Prime; arrow_bg_color=\u00a0\u00bbrgba(255,255,255,0)\u00a0\u00bb module_id=\u00a0\u00bbbrown-color\u00a0\u00bb _builder_version=\u00a0\u00bb4.19.5&Prime; _module_preset=\u00a0\u00bbdefault\u00a0\u00bb title_text_align=\u00a0\u00bbcenter\u00a0\u00bb global_colors_info=\u00a0\u00bb{}\u00a0\u00bb][dica_divi_carouselitem title=\u00a0\u00bbMeule\u00a0\u00bb button_url_new_window=\u00a0\u00bb1&Prime; title_position=\u00a0\u00bbbottom\u00a0\u00bb subtitle_position=\u00a0\u00bbbottom\u00a0\u00bb _builder_version=\u00a0\u00bb4.19.5&Prime; _module_preset=\u00a0\u00bbdefault\u00a0\u00bb subtitle_text_align=\u00a0\u00bbcenter\u00a0\u00bb subtitle_font_size=\u00a0\u00bb14px\u00a0\u00bb subtitle_line_height=\u00a0\u00bb1em\u00a0\u00bb global_colors_info=\u00a0\u00bb{}\u00a0\u00bb]<p><img fetchpriority=\"high\" fetchpriority=\"high\" decoding=\"async\" src=\"https:\/\/milco.ch\/wp-content\/uploads\/2022\/05\/milco_fribourg_meule.jpg\" width=\"300\" height=\"300\" alt=\"produit\" class=\"wp-image-1782 alignnone size-full\" srcset=\"https:\/\/www.milco.ch\/wp-content\/uploads\/2022\/05\/milco_fribourg_meule.jpg 300w, https:\/\/www.milco.ch\/wp-content\/uploads\/2022\/05\/milco_fribourg_meule-150x150.jpg 150w\" sizes=\"(max-width: 300px) 100vw, 300px\" \/><\/p>[\/dica_divi_carouselitem][dica_divi_carouselitem title=\u00a0\u00bbPortion\u00a0\u00bb sub_title=\u00a0\u00bb200g\u00a0\u00bb button_url_new_window=\u00a0\u00bb1&Prime; title_position=\u00a0\u00bbbottom\u00a0\u00bb subtitle_position=\u00a0\u00bbbottom\u00a0\u00bb _builder_version=\u00a0\u00bb4.19.5&Prime; _module_preset=\u00a0\u00bbdefault\u00a0\u00bb subtitle_text_align=\u00a0\u00bbcenter\u00a0\u00bb subtitle_font_size=\u00a0\u00bb14px\u00a0\u00bb subtitle_letter_spacing_tablet=\u00a0\u00bb\u00a0\u00bb subtitle_letter_spacing_phone=\u00a0\u00bb\u00a0\u00bb subtitle_letter_spacing_last_edited=\u00a0\u00bbon|desktop\u00a0\u00bb global_colors_info=\u00a0\u00bb{}\u00a0\u00bb]<p><img decoding=\"async\" src=\"https:\/\/milco.ch\/wp-content\/uploads\/2022\/10\/le_fribourg_portion_2022_hd-300x300.png\" width=\"300\" height=\"300\" alt=\"\" class=\"wp-image-2668 alignnone size-medium\" \/><\/p>[\/dica_divi_carouselitem][dica_divi_carouselitem title=\u00a0\u00bbFondue\u00a0\u00bb sub_title=\u00a0\u00bb400g\u00a0\u00bb button_url_new_window=\u00a0\u00bb1&Prime; title_position=\u00a0\u00bbbottom\u00a0\u00bb subtitle_position=\u00a0\u00bbbottom\u00a0\u00bb _builder_version=\u00a0\u00bb4.19.5&Prime; _module_preset=\u00a0\u00bbdefault\u00a0\u00bb header_line_height=\u00a0\u00bb1em\u00a0\u00bb subtitle_text_align=\u00a0\u00bbcenter\u00a0\u00bb subtitle_font_size=\u00a0\u00bb14px\u00a0\u00bb subtitle_line_height=\u00a0\u00bb1em\u00a0\u00bb global_colors_info=\u00a0\u00bb{}\u00a0\u00bb]<p style=\"text-align: center;\"><img decoding=\"async\" src=\"https:\/\/milco.ch\/wp-content\/uploads\/2022\/10\/le_fribourg_fondue_sachet_ori_hd-229x300.png\" width=\"229\" height=\"300\" alt=\"\" class=\"wp-image-2670 alignnone size-medium\" \/><\/p>[\/dica_divi_carouselitem][\/dica_divi_carousel][\/et_pb_column][\/et_pb_row][\/et_pb_section]\n","protected":false},"excerpt":{"rendered":"<p>Le Fribourg Le Fribourg est notre nouveau fromage \u00e0 p\u00e2te dure au lait thermis\u00e9. Nous utilisons une recette ancestrale avec une pr\u00e9sure \u00e0 l&rsquo;ancienne et des ferments maison sur petit-lait. Puis, pendant 6 \u00e0 12 mois, nos fromagers prennent soin de nos fromages jusqu&rsquo;\u00e0 ce qu&rsquo;ils aient atteint la maturit\u00e9 souhait\u00e9e.Finalement, gr\u00e2ce \u00e0 l\u2019alliance de [&hellip;]<\/p>\n","protected":false},"author":200466051,"featured_media":0,"parent":0,"menu_order":0,"comment_status":"closed","ping_status":"closed","template":"","meta":{"_et_pb_use_builder":"on","_et_pb_old_content":"<!-- wp:divi\/placeholder \/-->","_et_gb_content_width":"","_coblocks_attr":"","_coblocks_dimensions":"","_coblocks_responsive_height":"","_coblocks_accordion_ie_support":"","footnotes":""},"class_list":["post-3416","page","type-page","status-publish","hentry"],"amp_enabled":true,"_links":{"self":[{"href":"http:\/\/www.milco.ch\/de\/wp-json\/wp\/v2\/pages\/3416","targetHints":{"allow":["GET"]}}],"collection":[{"href":"http:\/\/www.milco.ch\/de\/wp-json\/wp\/v2\/pages"}],"about":[{"href":"http:\/\/www.milco.ch\/de\/wp-json\/wp\/v2\/types\/page"}],"author":[{"embeddable":true,"href":"http:\/\/www.milco.ch\/de\/wp-json\/wp\/v2\/users\/200466051"}],"replies":[{"embeddable":true,"href":"http:\/\/www.milco.ch\/de\/wp-json\/wp\/v2\/comments?post=3416"}],"version-history":[{"count":20,"href":"http:\/\/www.milco.ch\/de\/wp-json\/wp\/v2\/pages\/3416\/revisions"}],"predecessor-version":[{"id":4831,"href":"http:\/\/www.milco.ch\/de\/wp-json\/wp\/v2\/pages\/3416\/revisions\/4831"}],"wp:attachment":[{"href":"http:\/\/www.milco.ch\/de\/wp-json\/wp\/v2\/media?parent=3416"}],"curies":[{"name":"wp","href":"https:\/\/api.w.org\/{rel}","templated":true}]}}