{"id":3639,"date":"2023-04-13T13:43:08","date_gmt":"2023-04-13T11:43:08","guid":{"rendered":"https:\/\/milco.ch\/?page_id=3639"},"modified":"2024-03-07T14:51:58","modified_gmt":"2024-03-07T13:51:58","slug":"blanc-battu","status":"publish","type":"page","link":"https:\/\/www.milco.ch\/de\/blanc-battu\/","title":{"rendered":"Blanc battu"},"content":{"rendered":"\n[et_pb_section fb_built=\u00a0\u00bb1&Prime; _builder_version=\u00a0\u00bb4.19.5&Prime; _module_preset=\u00a0\u00bbdefault\u00a0\u00bb background_image=\u00a0\u00bbhttps:\/\/milco.ch\/wp-content\/uploads\/2023\/06\/iStock-478216754.jpg\u00a0\u00bb background_position=\u00a0\u00bbbottom_center\u00a0\u00bb background_vertical_offset=\u00a0\u00bb61%\u00a0\u00bb min_height=\u00a0\u00bb350px\u00a0\u00bb global_colors_info=\u00a0\u00bb{}\u00a0\u00bb][\/et_pb_section][et_pb_section fb_built=\u00a0\u00bb1&Prime; _builder_version=\u00a0\u00bb4.19.5&Prime; _module_preset=\u00a0\u00bbdefault\u00a0\u00bb global_colors_info=\u00a0\u00bb{}\u00a0\u00bb][et_pb_row _builder_version=\u00a0\u00bb4.19.5&Prime; _module_preset=\u00a0\u00bbdefault\u00a0\u00bb background_color=\u00a0\u00bbrgba(143,143,143,0.08)\u00a0\u00bb width=\u00a0\u00bb100%\u00a0\u00bb max_width=\u00a0\u00bb2560px\u00a0\u00bb min_height=\u00a0\u00bb111px\u00a0\u00bb custom_margin=\u00a0\u00bb-54px|auto|-113px|auto|false|false\u00a0\u00bb global_colors_info=\u00a0\u00bb{}\u00a0\u00bb][et_pb_column type=\u00a0\u00bb4_4&Prime; _builder_version=\u00a0\u00bb4.17.6&Prime; _module_preset=\u00a0\u00bbdefault\u00a0\u00bb global_colors_info=\u00a0\u00bb{}\u00a0\u00bb][et_pb_text _builder_version=\u00a0\u00bb4.24.2&Prime; _module_preset=\u00a0\u00bbdefault\u00a0\u00bb header_font_size=\u00a0\u00bb74px\u00a0\u00bb custom_padding=\u00a0\u00bb||0px|||\u00a0\u00bb hover_enabled=\u00a0\u00bb0&Prime; global_colors_info=\u00a0\u00bb{}\u00a0\u00bb sticky_enabled=\u00a0\u00bb0&Prime;]<h1 style=\"text-align: center;\">Blanc battu: Douceur et cr\u00e9meux r\u00e9unis, pour une sant\u00e9 \u00e9quilibr\u00e9e<\/h1>[\/et_pb_text][\/et_pb_column][\/et_pb_row][\/et_pb_section][et_pb_section fb_built=\u00a0\u00bb1&Prime; _builder_version=\u00a0\u00bb4.19.5&Prime; _module_preset=\u00a0\u00bbdefault\u00a0\u00bb min_height=\u00a0\u00bb514.4px\u00a0\u00bb custom_padding=\u00a0\u00bb||54px|||\u00a0\u00bb global_colors_info=\u00a0\u00bb{}\u00a0\u00bb][et_pb_row _builder_version=\u00a0\u00bb4.17.6&Prime; _module_preset=\u00a0\u00bbdefault\u00a0\u00bb global_colors_info=\u00a0\u00bb{}\u00a0\u00bb][et_pb_column type=\u00a0\u00bb4_4&Prime; _builder_version=\u00a0\u00bb4.16&Prime; _module_preset=\u00a0\u00bbdefault\u00a0\u00bb global_colors_info=\u00a0\u00bb{}\u00a0\u00bb][et_pb_text _builder_version=\u00a0\u00bb4.24.2&Prime; _module_preset=\u00a0\u00bbdefault\u00a0\u00bb global_colors_info=\u00a0\u00bb{}\u00a0\u00bb]<p><span>Bienvenue chez Milco, la Laiterie et Fromagerie du Pays de Fribourg, o\u00f9 l&rsquo;innocence rencontre l&rsquo;excellence culinaire.<\/span>\u00a0Pr\u00e9par\u00e9 avec soin pour apporter une touche de douceur \u00e0 vos recettes et vos moments gourmands, notre Blanc Battu est bien plus qu&rsquo;un simple plaisir gustatif. C&rsquo;est un choix \u00e9quilibr\u00e9, riche en prot\u00e9ines et pauvre en mati\u00e8res grasses, parfait pour votre sant\u00e9 et votre bien-\u00eatre.<\/p>[\/et_pb_text][\/et_pb_column][\/et_pb_row][et_pb_row module_id=\u00a0\u00bbcreme-double\u00a0\u00bb _builder_version=\u00a0\u00bb4.17.6&Prime; _module_preset=\u00a0\u00bbdefault\u00a0\u00bb global_colors_info=\u00a0\u00bb{}\u00a0\u00bb][et_pb_column type=\u00a0\u00bb4_4&Prime; _builder_version=\u00a0\u00bb4.17.6&Prime; _module_preset=\u00a0\u00bbdefault\u00a0\u00bb global_colors_info=\u00a0\u00bb{}\u00a0\u00bb][dica_divi_carousel show_items_desktop=\u00a0\u00bb1&Prime; show_items_tablet=\u00a0\u00bb1&Prime; centermode=\u00a0\u00bbon\u00a0\u00bb item_spacing=\u00a0\u00bb40&Prime; item_vertical_align=\u00a0\u00bbcenter\u00a0\u00bb advanced_effect=\u00a0\u00bb1&Prime; arrow_bg_color=\u00a0\u00bbrgba(255,255,255,0)\u00a0\u00bb _builder_version=\u00a0\u00bb4.19.5&Prime; _module_preset=\u00a0\u00bbdefault\u00a0\u00bb title_text_align=\u00a0\u00bbcenter\u00a0\u00bb global_colors_info=\u00a0\u00bb{}\u00a0\u00bb][dica_divi_carouselitem title=\u00a0\u00bbBlanc battu\u00a0\u00bb sub_title=\u00a0\u00bb200g &#038; 500g\u00a0\u00bb button_url_new_window=\u00a0\u00bb1&Prime; title_position=\u00a0\u00bbbottom\u00a0\u00bb subtitle_position=\u00a0\u00bbbottom\u00a0\u00bb _builder_version=\u00a0\u00bb4.19.5&Prime; _dynamic_attributes=\u00a0\u00bblink_option_url\u00a0\u00bb _module_preset=\u00a0\u00bbdefault\u00a0\u00bb header_line_height=\u00a0\u00bb1em\u00a0\u00bb subtitle_text_align=\u00a0\u00bbcenter\u00a0\u00bb subtitle_font_size=\u00a0\u00bb14px\u00a0\u00bb subtitle_line_height=\u00a0\u00bb1em\u00a0\u00bb link_option_url=\u00a0\u00bb@ET-DC@eyJkeW5hbWljIjp0cnVlLCJjb250ZW50IjoicG9zdF9saW5rX3VybF9wYWdlIiwic2V0dGluZ3MiOnsicG9zdF9pZCI6IjM2MzkifX0=@\u00a0\u00bb global_colors_info=\u00a0\u00bb{}\u00a0\u00bb]<p style=\"text-align: center;\"><img fetchpriority=\"high\" fetchpriority=\"high\" decoding=\"async\" src=\"https:\/\/milco.ch\/wp-content\/uploads\/2023\/01\/pot_blanc_battu_200g_ori_HD-300x300.jpg\" width=\"300\" height=\"300\" alt=\"\" class=\"wp-image-3005 alignnone size-medium\" \/><\/p>[\/dica_divi_carouselitem][\/dica_divi_carousel][\/et_pb_column][\/et_pb_row][et_pb_row column_structure=\u00a0\u00bb1_2,1_2&Prime; _builder_version=\u00a0\u00bb4.24.2&Prime; _module_preset=\u00a0\u00bbdefault\u00a0\u00bb global_colors_info=\u00a0\u00bb{}\u00a0\u00bb][et_pb_column type=\u00a0\u00bb1_2&Prime; _builder_version=\u00a0\u00bb4.24.2&Prime; _module_preset=\u00a0\u00bbdefault\u00a0\u00bb global_colors_info=\u00a0\u00bb{}\u00a0\u00bb][et_pb_text _builder_version=\u00a0\u00bb4.24.2&Prime; _module_preset=\u00a0\u00bbdefault\u00a0\u00bb text_font=\u00a0\u00bbRoboto Condensed||||||||\u00a0\u00bb text_font_size=\u00a0\u00bb20px\u00a0\u00bb custom_padding=\u00a0\u00bb2px|||||\u00a0\u00bb global_colors_info=\u00a0\u00bb{}\u00a0\u00bb]<h2>La Douceur dans Chaque Cuill\u00e8re, la Sant\u00e9 en Plus<\/h2>\n<p>Plongez votre cuill\u00e8re et d\u00e9couvrez une texture l\u00e9g\u00e8re et onctueuse qui fond d\u00e9licieusement en bouche. Savourez chaque bouch\u00e9e de ce produit Milco. Nous garantissons une exp\u00e9rience gustative authentique. De plus, notre Blanc Battu est une source riche en prot\u00e9ines, ce qui favorise la sant\u00e9 musculaire et la r\u00e9cup\u00e9ration apr\u00e8s l&rsquo;effort. Il est \u00e9galement pauvre en mati\u00e8res grasses pour une alimentation \u00e9quilibr\u00e9e.<\/p>[\/et_pb_text][\/et_pb_column][et_pb_column type=\u00a0\u00bb1_2&Prime; _builder_version=\u00a0\u00bb4.24.2&Prime; _module_preset=\u00a0\u00bbdefault\u00a0\u00bb global_colors_info=\u00a0\u00bb{}\u00a0\u00bb][et_pb_image src=\u00a0\u00bbhttps:\/\/www.milco.ch\/wp-content\/uploads\/2023\/06\/iStock-624987030-scaled.jpg\u00a0\u00bb title_text=\u00a0\u00bbSour cream in spoon isolated on white background\u00a0\u00bb _builder_version=\u00a0\u00bb4.24.2&Prime; _module_preset=\u00a0\u00bbdefault\u00a0\u00bb global_colors_info=\u00a0\u00bb{}\u00a0\u00bb][\/et_pb_image][\/et_pb_column][\/et_pb_row][et_pb_row column_structure=\u00a0\u00bb1_2,1_2&Prime; _builder_version=\u00a0\u00bb4.24.2&Prime; _module_preset=\u00a0\u00bbdefault\u00a0\u00bb global_colors_info=\u00a0\u00bb{}\u00a0\u00bb][et_pb_column type=\u00a0\u00bb1_2&Prime; _builder_version=\u00a0\u00bb4.24.2&Prime; _module_preset=\u00a0\u00bbdefault\u00a0\u00bb global_colors_info=\u00a0\u00bb{}\u00a0\u00bb][et_pb_image src=\u00a0\u00bbhttps:\/\/www.milco.ch\/wp-content\/uploads\/2024\/03\/blanc-battu-sauce-salade.jpg\u00a0\u00bb alt=\u00a0\u00bbBlanc battu\u00a0\u00bb title_text=\u00a0\u00bbBlanc Battu- sauce \u00e0 salade\u00a0\u00bb _builder_version=\u00a0\u00bb4.24.2&Prime; _module_preset=\u00a0\u00bbdefault\u00a0\u00bb width=\u00a0\u00bb82%\u00a0\u00bb max_width=\u00a0\u00bb75%\u00a0\u00bb module_alignment=\u00a0\u00bbcenter\u00a0\u00bb global_colors_info=\u00a0\u00bb{}\u00a0\u00bb][\/et_pb_image][\/et_pb_column][et_pb_column type=\u00a0\u00bb1_2&Prime; _builder_version=\u00a0\u00bb4.24.2&Prime; _module_preset=\u00a0\u00bbdefault\u00a0\u00bb global_colors_info=\u00a0\u00bb{}\u00a0\u00bb][et_pb_text _builder_version=\u00a0\u00bb4.24.2&Prime; _module_preset=\u00a0\u00bbdefault\u00a0\u00bb min_height=\u00a0\u00bb178.8px\u00a0\u00bb global_colors_info=\u00a0\u00bb{}\u00a0\u00bb]<h2>Blanc Battu: Polyvalent et \u00c9quilibr\u00e9<\/h2>\n<p>Que vous souhaitiez l&rsquo;ajouter \u00e0 vos smoothies matinaux, l&rsquo;utiliser comme base pour vos sauces cr\u00e9meuses ou simplement le savourer nature avec un soup\u00e7on de miel, notre Blanc Battu s&rsquo;adapte \u00e0 toutes vos envies culinaires. Sa polyvalence en fait un incontournable dans votre r\u00e9frig\u00e9rateur, vous offrant une option saine et savoureuse pour chaque repas.<\/p>[\/et_pb_text][\/et_pb_column][\/et_pb_row][et_pb_row _builder_version=\u00a0\u00bb4.24.2&Prime; _module_preset=\u00a0\u00bbdefault\u00a0\u00bb global_colors_info=\u00a0\u00bb{}\u00a0\u00bb][et_pb_column type=\u00a0\u00bb4_4&Prime; _builder_version=\u00a0\u00bb4.24.2&Prime; _module_preset=\u00a0\u00bbdefault\u00a0\u00bb global_colors_info=\u00a0\u00bb{}\u00a0\u00bb][et_pb_text _builder_version=\u00a0\u00bb4.24.2&Prime; _module_preset=\u00a0\u00bbdefault\u00a0\u00bb global_colors_info=\u00a0\u00bb{}\u00a0\u00bb]<h2>Fra\u00eecheur Garantie, Bienfaits Assur\u00e9s<\/h2>\n<p>Chez Milco, <span>nous accordons une importance particuli\u00e8re \u00e0 la fra\u00eecheur et \u00e0 la qualit\u00e9 de nos produits. Tous nos produits sont pr\u00e9par\u00e9s avec du lait provenant du pays de fribourg dans un rayon de 25 km. Avec sa teneur r\u00e9duite en mati\u00e8res grasses et sa richesse en prot\u00e9ines, il est le choix parfait pour ceux qui souhaitent allier plaisir et bien-\u00eatre dans leur alimentation quotidienne.<\/span><\/p>[\/et_pb_text][\/et_pb_column][\/et_pb_row][et_pb_row _builder_version=\u00a0\u00bb4.24.2&Prime; _module_preset=\u00a0\u00bbdefault\u00a0\u00bb global_colors_info=\u00a0\u00bb{}\u00a0\u00bb][et_pb_column type=\u00a0\u00bb4_4&Prime; _builder_version=\u00a0\u00bb4.24.2&Prime; _module_preset=\u00a0\u00bbdefault\u00a0\u00bb global_colors_info=\u00a0\u00bb{}\u00a0\u00bb][et_pb_text _builder_version=\u00a0\u00bb4.24.2&Prime; _module_preset=\u00a0\u00bbdefault\u00a0\u00bb global_colors_info=\u00a0\u00bb{}\u00a0\u00bb]<h3 style=\"text-align: center;\">Essayez d\u00e8s Maintenant pour une Sant\u00e9 Gourmande<\/h3>\n<p><span>Pr\u00eat \u00e0 d\u00e9couvrir le secret de la douceur et de la cr\u00e9mosit\u00e9 r\u00e9unies, tout en prenant soin de votre sant\u00e9 ? Essayez notre Blanc Battu d\u00e8s aujourd&rsquo;hui et laissez-vous emporter par son go\u00fbt irr\u00e9sistible. Ajoutez une touche de magie \u00e0 vos recettes et r\u00e9galez-vous avec la Laiterie et Fromagerie du Pays de Fribourg, en toute \u00e9quilibre !<\/span><\/p>[\/et_pb_text][et_pb_button button_url=\u00a0\u00bb@ET-DC@eyJkeW5hbWljIjp0cnVlLCJjb250ZW50IjoicG9zdF9saW5rX3VybF9wYWdlIiwic2V0dGluZ3MiOnsicG9zdF9pZCI6IjI5MDkifX0=@\u00a0\u00bb button_text=\u00a0\u00bbId\u00e9es de recette\u00a0\u00bb button_alignment=\u00a0\u00bbcenter\u00a0\u00bb _builder_version=\u00a0\u00bb4.24.2&Prime; _dynamic_attributes=\u00a0\u00bbbutton_url\u00a0\u00bb _module_preset=\u00a0\u00bbdefault\u00a0\u00bb global_colors_info=\u00a0\u00bb{}\u00a0\u00bb][\/et_pb_button][\/et_pb_column][\/et_pb_row][\/et_pb_section]\n","protected":false},"excerpt":{"rendered":"<p>Blanc battu: Douceur et cr\u00e9meux r\u00e9unis, pour une sant\u00e9 \u00e9quilibr\u00e9eBienvenue chez Milco, la Laiterie et Fromagerie du Pays de Fribourg, o\u00f9 l&rsquo;innocence rencontre l&rsquo;excellence culinaire.\u00a0Pr\u00e9par\u00e9 avec soin pour apporter une touche de douceur \u00e0 vos recettes et vos moments gourmands, notre Blanc Battu est bien plus qu&rsquo;un simple plaisir gustatif. C&rsquo;est un choix \u00e9quilibr\u00e9, riche [&hellip;]<\/p>\n","protected":false},"author":200466051,"featured_media":0,"parent":0,"menu_order":0,"comment_status":"closed","ping_status":"closed","template":"","meta":{"_et_pb_use_builder":"on","_et_pb_old_content":"<!-- wp:divi\/placeholder \/-->","_et_gb_content_width":"","_coblocks_attr":"","_coblocks_dimensions":"","_coblocks_responsive_height":"","_coblocks_accordion_ie_support":"","footnotes":""},"class_list":["post-3639","page","type-page","status-publish","hentry"],"amp_enabled":true,"_links":{"self":[{"href":"https:\/\/www.milco.ch\/de\/wp-json\/wp\/v2\/pages\/3639","targetHints":{"allow":["GET"]}}],"collection":[{"href":"https:\/\/www.milco.ch\/de\/wp-json\/wp\/v2\/pages"}],"about":[{"href":"https:\/\/www.milco.ch\/de\/wp-json\/wp\/v2\/types\/page"}],"author":[{"embeddable":true,"href":"https:\/\/www.milco.ch\/de\/wp-json\/wp\/v2\/users\/200466051"}],"replies":[{"embeddable":true,"href":"https:\/\/www.milco.ch\/de\/wp-json\/wp\/v2\/comments?post=3639"}],"version-history":[{"count":27,"href":"https:\/\/www.milco.ch\/de\/wp-json\/wp\/v2\/pages\/3639\/revisions"}],"predecessor-version":[{"id":4678,"href":"https:\/\/www.milco.ch\/de\/wp-json\/wp\/v2\/pages\/3639\/revisions\/4678"}],"wp:attachment":[{"href":"https:\/\/www.milco.ch\/de\/wp-json\/wp\/v2\/media?parent=3639"}],"curies":[{"name":"wp","href":"https:\/\/api.w.org\/{rel}","templated":true}]}}