{"id":3648,"date":"2023-04-13T14:39:05","date_gmt":"2023-04-13T12:39:05","guid":{"rendered":"https:\/\/milco.ch\/?page_id=3648"},"modified":"2024-02-07T09:42:35","modified_gmt":"2024-02-07T08:42:35","slug":"creme-double","status":"publish","type":"page","link":"https:\/\/www.milco.ch\/de\/creme-double\/","title":{"rendered":"Doppelrahm"},"content":{"rendered":"\n[et_pb_section fb_built=\u00a0\u00bb1&Prime; _builder_version=\u00a0\u00bb4.19.5&Prime; _module_preset=\u00a0\u00bbdefault\u00a0\u00bb background_image=\u00a0\u00bbhttps:\/\/milco.ch\/wp-content\/uploads\/2023\/06\/iStock-624987030-scaled.jpg\u00a0\u00bb background_position=\u00a0\u00bbbottom_center\u00a0\u00bb background_vertical_offset=\u00a0\u00bb64%\u00a0\u00bb min_height=\u00a0\u00bb350px\u00a0\u00bb global_colors_info=\u00a0\u00bb{}\u00a0\u00bb][\/et_pb_section][et_pb_section fb_built=\u00a0\u00bb1&Prime; _builder_version=\u00a0\u00bb4.19.5&Prime; _module_preset=\u00a0\u00bbdefault\u00a0\u00bb global_colors_info=\u00a0\u00bb{}\u00a0\u00bb][et_pb_row _builder_version=\u00a0\u00bb4.19.5&Prime; _module_preset=\u00a0\u00bbdefault\u00a0\u00bb background_color=\u00a0\u00bbrgba(143,143,143,0.08)\u00a0\u00bb width=\u00a0\u00bb100%\u00a0\u00bb max_width=\u00a0\u00bb2560px\u00a0\u00bb min_height=\u00a0\u00bb111px\u00a0\u00bb custom_margin=\u00a0\u00bb-54px||||false|false\u00a0\u00bb global_colors_info=\u00a0\u00bb{}\u00a0\u00bb][et_pb_column type=\u00a0\u00bb4_4&Prime; _builder_version=\u00a0\u00bb4.17.6&Prime; _module_preset=\u00a0\u00bbdefault\u00a0\u00bb global_colors_info=\u00a0\u00bb{}\u00a0\u00bb][et_pb_text _builder_version=\u00a0\u00bb4.24.0&Prime; _module_preset=\u00a0\u00bbdefault\u00a0\u00bb header_font_size=\u00a0\u00bb74px\u00a0\u00bb custom_padding=\u00a0\u00bb||0px|||\u00a0\u00bb hover_enabled=\u00a0\u00bb0&Prime; global_colors_info=\u00a0\u00bb{}\u00a0\u00bb sticky_enabled=\u00a0\u00bb0&Prime;]<h1 style=\"text-align: center;\">Cr\u00e8me Double Milco<\/h1>[\/et_pb_text][\/et_pb_column][\/et_pb_row][\/et_pb_section][et_pb_section fb_built=\u00a0\u00bb1&Prime; _builder_version=\u00a0\u00bb4.19.5&Prime; _module_preset=\u00a0\u00bbdefault\u00a0\u00bb min_height=\u00a0\u00bb489.4px\u00a0\u00bb global_colors_info=\u00a0\u00bb{}\u00a0\u00bb][et_pb_row make_equal=\u00a0\u00bbon\u00a0\u00bb module_id=\u00a0\u00bbcreme-double\u00a0\u00bb _builder_version=\u00a0\u00bb4.19.5&Prime; _module_preset=\u00a0\u00bbdefault\u00a0\u00bb min_height=\u00a0\u00bb498px\u00a0\u00bb custom_padding=\u00a0\u00bb||0px|||\u00a0\u00bb global_colors_info=\u00a0\u00bb{}\u00a0\u00bb][et_pb_column type=\u00a0\u00bb4_4&Prime; _builder_version=\u00a0\u00bb4.17.6&Prime; _module_preset=\u00a0\u00bbdefault\u00a0\u00bb global_colors_info=\u00a0\u00bb{}\u00a0\u00bb][dica_divi_carousel loop=\u00a0\u00bbon\u00a0\u00bb autoplay=\u00a0\u00bbon\u00a0\u00bb hoverpause=\u00a0\u00bbon\u00a0\u00bb autoplay_speed=\u00a0\u00bb2000&Prime; arrow_nav=\u00a0\u00bbon\u00a0\u00bb item_spacing=\u00a0\u00bb40&Prime; item_vertical_align=\u00a0\u00bbflex-end\u00a0\u00bb lazy_loading=\u00a0\u00bbon\u00a0\u00bb advanced_effect=\u00a0\u00bb1&Prime; arrow_bg_color=\u00a0\u00bbrgba(255,255,255,0)\u00a0\u00bb _builder_version=\u00a0\u00bb4.19.5&Prime; _module_preset=\u00a0\u00bbdefault\u00a0\u00bb title_text_align=\u00a0\u00bbcenter\u00a0\u00bb global_colors_info=\u00a0\u00bb{}\u00a0\u00bb][dica_divi_carouselitem title=\u00a0\u00bbCr\u00e8me double\u00a0\u00bb sub_title=\u00a0\u00bb1l\u00a0\u00bb button_url_new_window=\u00a0\u00bb1&Prime; title_position=\u00a0\u00bbbottom\u00a0\u00bb subtitle_position=\u00a0\u00bbbottom\u00a0\u00bb _builder_version=\u00a0\u00bb4.19.5&Prime; _module_preset=\u00a0\u00bbdefault\u00a0\u00bb subtitle_text_align=\u00a0\u00bbcenter\u00a0\u00bb subtitle_font_size=\u00a0\u00bb14px\u00a0\u00bb subtitle_line_height=\u00a0\u00bb1em\u00a0\u00bb global_colors_info=\u00a0\u00bb{}\u00a0\u00bb]<p><img fetchpriority=\"high\" fetchpriority=\"high\" decoding=\"async\" src=\"https:\/\/milco.ch\/wp-content\/uploads\/2022\/10\/milco_double_creme_1l_1772_pix-1024x1024.png\" width=\"1024\" height=\"1024\" alt=\"\" class=\"wp-image-2188 alignnone size-large\" srcset=\"https:\/\/milco.ch\/wp-content\/uploads\/2022\/10\/milco_double_creme_1l_1772_pix-980x980.png 980w, https:\/\/milco.ch\/wp-content\/uploads\/2022\/10\/milco_double_creme_1l_1772_pix-480x480.png 480w\" sizes=\"(min-width: 0px) and (max-width: 480px) 480px, (min-width: 481px) and (max-width: 980px) 980px, (min-width: 981px) 1024px, 100vw\" \/><\/p>[\/dica_divi_carouselitem][dica_divi_carouselitem title=\u00a0\u00bbCr\u00e8me double\u00a0\u00bb sub_title=\u00a0\u00bb3dl\u00a0\u00bb button_url_new_window=\u00a0\u00bb1&Prime; title_position=\u00a0\u00bbbottom\u00a0\u00bb subtitle_position=\u00a0\u00bbbottom\u00a0\u00bb _builder_version=\u00a0\u00bb4.19.5&Prime; _module_preset=\u00a0\u00bbdefault\u00a0\u00bb subtitle_text_align=\u00a0\u00bbcenter\u00a0\u00bb subtitle_font_size=\u00a0\u00bb14px\u00a0\u00bb subtitle_letter_spacing_tablet=\u00a0\u00bb\u00a0\u00bb subtitle_letter_spacing_phone=\u00a0\u00bb\u00a0\u00bb subtitle_letter_spacing_last_edited=\u00a0\u00bbon|desktop\u00a0\u00bb global_colors_info=\u00a0\u00bb{}\u00a0\u00bb]<p><img decoding=\"async\" src=\"https:\/\/milco.ch\/wp-content\/uploads\/2022\/01\/milco_double_creme_3dl_HD-1024x1024.jpg\" width=\"1024\" height=\"1024\" alt=\"produit\" class=\"wp-image-1286 alignnone size-large\" srcset=\"https:\/\/milco.ch\/wp-content\/uploads\/2022\/01\/milco_double_creme_3dl_HD-980x980.jpg 980w, https:\/\/milco.ch\/wp-content\/uploads\/2022\/01\/milco_double_creme_3dl_HD-480x480.jpg 480w\" sizes=\"(min-width: 0px) and (max-width: 480px) 480px, (min-width: 481px) and (max-width: 980px) 980px, (min-width: 981px) 1024px, 100vw\" \/><\/p>[\/dica_divi_carouselitem][dica_divi_carouselitem title=\u00a0\u00bbCr\u00e8me double\u00a0\u00bb sub_title=\u00a0\u00bb2dl\u00a0\u00bb button_url_new_window=\u00a0\u00bb1&Prime; title_position=\u00a0\u00bbbottom\u00a0\u00bb subtitle_position=\u00a0\u00bbbottom\u00a0\u00bb _builder_version=\u00a0\u00bb4.19.5&Prime; _module_preset=\u00a0\u00bbdefault\u00a0\u00bb subtitle_text_align=\u00a0\u00bbcenter\u00a0\u00bb subtitle_font_size=\u00a0\u00bb14px\u00a0\u00bb global_colors_info=\u00a0\u00bb{}\u00a0\u00bb]<p><img decoding=\"async\" src=\"https:\/\/milco.ch\/wp-content\/uploads\/2022\/10\/milco_double_creme_2dl_1772_pix-1024x1024.png\" width=\"1024\" height=\"1024\" alt=\"\" class=\"wp-image-2492 alignnone size-large\" srcset=\"https:\/\/milco.ch\/wp-content\/uploads\/2022\/10\/milco_double_creme_2dl_1772_pix-980x980.png 980w, https:\/\/milco.ch\/wp-content\/uploads\/2022\/10\/milco_double_creme_2dl_1772_pix-480x480.png 480w\" sizes=\"(min-width: 0px) and (max-width: 480px) 480px, (min-width: 481px) and (max-width: 980px) 980px, (min-width: 981px) 1024px, 100vw\" \/><\/p>[\/dica_divi_carouselitem][dica_divi_carouselitem title=\u00a0\u00bbD\u00e9lices de la Gruy\u00e8re\u00a0\u00bb sub_title=\u00a0\u00bbCr\u00e8me double 3dl et 6 meringues\u00a0\u00bb button_url_new_window=\u00a0\u00bb1&Prime; image=\u00a0\u00bbhttps:\/\/milco.ch\/wp-content\/uploads\/2022\/01\/delices_de_la_gruyere_2017_HD-scaled.jpg\u00a0\u00bb title_position=\u00a0\u00bbbottom\u00a0\u00bb subtitle_position=\u00a0\u00bbbottom\u00a0\u00bb _builder_version=\u00a0\u00bb4.23.1&Prime; _module_preset=\u00a0\u00bbdefault\u00a0\u00bb header_line_height=\u00a0\u00bb1em\u00a0\u00bb subtitle_text_align=\u00a0\u00bbcenter\u00a0\u00bb subtitle_font_size=\u00a0\u00bb14px\u00a0\u00bb subtitle_line_height=\u00a0\u00bb1em\u00a0\u00bb global_colors_info=\u00a0\u00bb{}\u00a0\u00bb][\/dica_divi_carouselitem][dica_divi_carouselitem title=\u00a0\u00bbLes Mini-d\u00e9lices de la Gruy\u00e8re\u00a0\u00bb sub_title=\u00a0\u00bbCr\u00e8me double 1dl et mini-meringues\u00a0\u00bb button_url_new_window=\u00a0\u00bb1&Prime; image=\u00a0\u00bbhttps:\/\/milco.ch\/wp-content\/uploads\/2022\/01\/mini_delices_pack_2017_HD-scaled.jpg\u00a0\u00bb title_position=\u00a0\u00bbbottom\u00a0\u00bb subtitle_position=\u00a0\u00bbbottom\u00a0\u00bb _builder_version=\u00a0\u00bb4.19.5&Prime; _module_preset=\u00a0\u00bbdefault\u00a0\u00bb header_line_height=\u00a0\u00bb1em\u00a0\u00bb subtitle_text_align=\u00a0\u00bbcenter\u00a0\u00bb subtitle_font_size=\u00a0\u00bb14px\u00a0\u00bb subtitle_line_height=\u00a0\u00bb1em\u00a0\u00bb global_colors_info=\u00a0\u00bb{}\u00a0\u00bb][\/dica_divi_carouselitem][\/dica_divi_carousel][\/et_pb_column][\/et_pb_row][et_pb_row _builder_version=\u00a0\u00bb4.16&Prime; _module_preset=\u00a0\u00bbdefault\u00a0\u00bb global_colors_info=\u00a0\u00bb{}\u00a0\u00bb][et_pb_column type=\u00a0\u00bb4_4&Prime; _builder_version=\u00a0\u00bb4.16&Prime; _module_preset=\u00a0\u00bbdefault\u00a0\u00bb global_colors_info=\u00a0\u00bb{}\u00a0\u00bb][et_pb_text _builder_version=\u00a0\u00bb4.24.0&Prime; _module_preset=\u00a0\u00bbdefault\u00a0\u00bb text_font=\u00a0\u00bbRoboto Condensed||||||||\u00a0\u00bb text_font_size=\u00a0\u00bb20px\u00a0\u00bb hover_enabled=\u00a0\u00bb0&Prime; global_colors_info=\u00a0\u00bb{}\u00a0\u00bb sticky_enabled=\u00a0\u00bb0&Prime;]<h2>Comment fabrique -t-on la cr\u00e8me double ?<\/h2>\n<p>Plongez dans l&rsquo;univers artisanal de la Cr\u00e8me Double Milco, o\u00f9 tradition et savoir-faire se rencontrent pour cr\u00e9er un produit d&rsquo;exception.<\/p>\n<p>La fabrication de la cr\u00e8me double par affleurement sur le lait et pr\u00e9l\u00e8vement \u00e0 la main n\u2019est plus pratiqu\u00e9e que dans certains alpages, o\u00f9 l\u2019on peut encore la d\u00e9guster.<\/p>\n<p>Aujourd\u2019hui, dans les fromageries artisanales, nous s\u00e9parons la cr\u00e8me d\u2019une partie du lait par centrifugation. Apr\u00e8s une pasteurisation et gr\u00e2ce \u00e0 un processus particulier, elle cristallise pendant plusieurs heures pour atteindre une onctuosit\u00e9 typique. Ce processus permet d\u2019obtenir par exemple la Double Cr\u00e8me de la Gruy\u00e8re \u00e0 la consistance et au go\u00fbt si caract\u00e9ristiques et appr\u00e9ci\u00e9s.<\/p>[\/et_pb_text][\/et_pb_column][\/et_pb_row][et_pb_row _builder_version=\u00a0\u00bb4.19.5&Prime; _module_preset=\u00a0\u00bbdefault\u00a0\u00bb global_colors_info=\u00a0\u00bb{}\u00a0\u00bb][et_pb_column type=\u00a0\u00bb4_4&Prime; _builder_version=\u00a0\u00bb4.19.5&Prime; _module_preset=\u00a0\u00bbdefault\u00a0\u00bb global_colors_info=\u00a0\u00bb{}\u00a0\u00bb][et_pb_text _builder_version=\u00a0\u00bb4.24.0&Prime; _module_preset=\u00a0\u00bbdefault\u00a0\u00bb hover_enabled=\u00a0\u00bb0&Prime; global_colors_info=\u00a0\u00bb{}\u00a0\u00bb sticky_enabled=\u00a0\u00bb0&Prime;]<h2>D&rsquo;o\u00f9 vient cette sp\u00e9cialit\u00e9 r\u00e9gionale, la cr\u00e8me double?<\/h2>\n<p style=\"margin: 0cm; text-align: justify; vertical-align: baseline;\"><span style=\"font-family: 'Segoe UI',sans-serif; color: #374151; background: white;\">Depuis le 13\u00e8me si\u00e8cle, le Pays de Fribourg est reconnu pour son savoir-faire laitier et fromager, o\u00f9 la cr\u00e8me double joue un r\u00f4le essentiel. T\u00e9moin d&rsquo;une tradition ancestrale, notre cr\u00e8me est intimement li\u00e9e \u00e0 l&rsquo;artisanat fromager, en particulier \u00e0 la fabrication du c\u00e9l\u00e8bre Gruy\u00e8re. Ce fromage \u00e9tant partiellement \u00e9cr\u00e9m\u00e9, il est probable que l\u2019habitude a \u00e9t\u00e9 prise de pr\u00e9lever la couche sup\u00e9rieure de la cr\u00e8me affleurant sur le lait, qui est la plus concentr\u00e9e. Cette association t\u00e9moignent ainsi de l&rsquo;ing\u00e9niosit\u00e9 et du go\u00fbt pour la qualit\u00e9 de nos anc\u00eatres.<o:p><\/o:p><\/span><\/p>\n<p style=\"margin: 0cm; text-align: justify; vertical-align: baseline;\"><span style=\"font-family: 'Segoe UI',sans-serif; color: #374151; background: white;\">La cr\u00e9ation d\u2019ustensiles d\u00e9di\u00e9es \u00e0 ce produit (baquets et cuill\u00e8res en bois sculpt\u00e9s) t\u00e9moigne de l\u2019importance de la double cr\u00e8me dans notre culture.<o:p><\/o:p><\/span><\/p>[\/et_pb_text][\/et_pb_column][\/et_pb_row][et_pb_row _builder_version=\u00a0\u00bb4.17.6&Prime; _module_preset=\u00a0\u00bbdefault\u00a0\u00bb global_colors_info=\u00a0\u00bb{}\u00a0\u00bb][et_pb_column type=\u00a0\u00bb4_4&Prime; _builder_version=\u00a0\u00bb4.17.6&Prime; _module_preset=\u00a0\u00bbdefault\u00a0\u00bb global_colors_info=\u00a0\u00bb{}\u00a0\u00bb][et_pb_text _builder_version=\u00a0\u00bb4.24.0&Prime; _module_preset=\u00a0\u00bbdefault\u00a0\u00bb hover_enabled=\u00a0\u00bb0&Prime; global_colors_info=\u00a0\u00bb{}\u00a0\u00bb sticky_enabled=\u00a0\u00bb0&Prime;]<h2>Comment la consomme-t-on?<\/h2>\n<p>La cr\u00e8me double Milco est un d\u00e9lice \u00e0 d\u00e9guster de multiples fa\u00e7ons. Traditionnellement accompagn\u00e9e de meringues, elle r\u00e9v\u00e8le tout son caract\u00e8re avec des fruits rouges frais tels que des framboises, des myrtilles ou des fraises. Nos D\u00e9lices de la Gruy\u00e8re vous proposent une exp\u00e9rience gustative incomparable, que ce soit pour un repas de famille avec nos meringues g\u00e9n\u00e9reuses ou en version mini pour vos escapades quotidiennes.<\/p>[\/et_pb_text][\/et_pb_column][\/et_pb_row][et_pb_row _builder_version=\u00a0\u00bb4.21.0&Prime; _module_preset=\u00a0\u00bbdefault\u00a0\u00bb global_colors_info=\u00a0\u00bb{}\u00a0\u00bb][et_pb_column type=\u00a0\u00bb4_4&Prime; _builder_version=\u00a0\u00bb4.21.0&Prime; _module_preset=\u00a0\u00bbdefault\u00a0\u00bb global_colors_info=\u00a0\u00bb{}\u00a0\u00bb][et_pb_cta title=\u00a0\u00bbId\u00e9e de recette\u00a0\u00bb button_url=\u00a0\u00bbhttps:\/\/milco.ch\/recettes\/\u00a0\u00bb button_text=\u00a0\u00bbRejoignez-nous ici\u00a0\u00bb _builder_version=\u00a0\u00bb4.21.0&Prime; _module_preset=\u00a0\u00bbdefault\u00a0\u00bb header_font=\u00a0\u00bb|800|||||||\u00a0\u00bb header_text_color=\u00a0\u00bb#FFFFFF\u00a0\u00bb header_font_size=\u00a0\u00bb50px\u00a0\u00bb body_text_color=\u00a0\u00bb#000000&Prime; background_color=\u00a0\u00bbRGBA(255,255,255,0)\u00a0\u00bb background_image=\u00a0\u00bbhttp:\/\/www.milco.ch\/wp-content\/uploads\/2023\/08\/L1010101.jpg\u00a0\u00bb background_position=\u00a0\u00bbtop_center\u00a0\u00bb background_vertical_offset=\u00a0\u00bb40%\u00a0\u00bb button_alignment=\u00a0\u00bbcenter\u00a0\u00bb border_color_all=\u00a0\u00bb#000000&Prime; global_colors_info=\u00a0\u00bb{}\u00a0\u00bb][\/et_pb_cta][\/et_pb_column][\/et_pb_row][\/et_pb_section]\n","protected":false},"excerpt":{"rendered":"<p>Doppelrahm Milco<div class=\"et_pb_module dica_divi_carousel dica_divi_carousel_0\">\n\t\t\t\t\n\t\t\t\t\n\t\t\t\t\n\t\t\t\t\n\t\t\t\t\n\t\t\t\t\n\t\t\t\t<div class=\"et_pb_module_inner\">\n\t\t\t\t\t<div class=\"dica-container  desktop_middle-inside tablet_middle-inside mobile_middle-inside\" data-props='{\"desktop\":\"4\",\"tablet\":\"3\",\"mobile\":\"1\",\"speed\":\"500\",\"arrow\":\"on\",\"dots\":\"off\",\"autoplay\":\"on\",\"autoSpeed\":\"2000\",\"loop\":\"on\",\"item_spacing\":\"40\",\"center_mode\":\"off\",\"slider_effec\":\"1\",\"cover_rotate\":\"50\",\"pause_onhover\":\"on\",\"multislide\":\"off\",\"cfshadow\":\"on\",\"order\":\"0\",\"lazyload\":\"on\",\"lazybefore\":\"off\",\"scroller_effect\":\"off\",\"autowidth\":\"off\",\"item_spacing_tablet\":\"40\",\"item_spacing_phone\":\"40\",\"scroller_speed\":\"4000\",\"hashNavigation\":\"off\",\"simulatetouch\":\"off\",\"allowtouchmove\":\"off\"}'>\r\n\t\t\t\t\t\t\t \t<div class=\"swiper-container\">\r\n\t\t\t\t\t\t\t\t\t<div class=\"swiper-wrapper\"><\/div>\t\r\n\t\t\t\t\t\t\t\t<\/div>\t\r\n\t\t\t\t\t\t\t\t<div class=\"swiper-buttton-container\"><div class=\"swiper-button-prev dica-prev-btn-0\" data-icon=\"4\"><\/div><div class=\"swiper-button-next dica-next-btn-0\" data-icon=\"5\"><\/div><\/div>\r\n\t\t\t\t\t\t\t\t\t\t\t\t\t\t\r\n\t\t\t\t\t\t\t<\/div>\n\t\t\t\t<\/div>\n\t\t\t<\/div><div class=\"et_pb_module dica_divi_carouselitem dica_divi_carouselitem_0\">\n\t\t\t\t\n\t\t\t\t\n\t\t\t\t\n\t\t\t\t\n\t\t\t\t\n\t\t\t\t\n\t\t\t\t<div class=\"et_pb_module_inner\">\n\t\t\t\t\t<div class=\"dica-item image_top swiper-lazy loading\"   data-hash=\"dica_divi_carouselitem_0\">\r\n\t\t\t\t\t\t\t\t\t\r\n\t\t\t\t\t\t\t\t\t<div class=\"dica-item-content\">      <h4 class=\"item-title\">Doppelrahm<\/h4> <h6 class=\"item-subtitle\">1l<\/h6> <\/div>\r\n\t\t\t\t\t\t\t<\/div>\n\t\t\t\t<\/div>\n\t\t\t<\/div><div class=\"et_pb_module dica_divi_carouselitem dica_divi_carouselitem_1\">\n\t\t\t\t\n\t\t\t\t\n\t\t\t\t\n\t\t\t\t\n\t\t\t\t\n\t\t\t\t\n\t\t\t\t<div class=\"et_pb_module_inner\">\n\t\t\t\t\t<div class=\"dica-item image_top swiper-lazy loading\"   data-hash=\"dica_divi_carouselitem_1\">\r\n\t\t\t\t\t\t\t\t\t\r\n\t\t\t\t\t\t\t\t\t<div class=\"dica-item-content\">      <h4 class=\"item-title\">Doppelrahm<\/h4> <h6 class=\"item-subtitle\">3dl<\/h6> <\/div>\r\n\t\t\t\t\t\t\t<\/div>\n\t\t\t\t<\/div>\n\t\t\t<\/div><div class=\"et_pb_module dica_divi_carouselitem dica_divi_carouselitem_2\">\n\t\t\t\t\n\t\t\t\t\n\t\t\t\t\n\t\t\t\t\n\t\t\t\t\n\t\t\t\t\n\t\t\t\t<div class=\"et_pb_module_inner\">\n\t\t\t\t\t<div class=\"dica-item image_top swiper-lazy loading\"   data-hash=\"dica_divi_carouselitem_2\">\r\n\t\t\t\t\t\t\t\t\t\r\n\t\t\t\t\t\t\t\t\t<div class=\"dica-item-content\">      <h4 class=\"item-title\">Doppelrahm<\/h4> <h6 class=\"item-subtitle\">2dl<\/h6> <\/div>\r\n\t\t\t\t\t\t\t<\/div>\n\t\t\t\t<\/div>\n\t\t\t<\/div><div class=\"et_pb_module dica_divi_carouselitem dica_divi_carouselitem_3\">\n\t\t\t\t\n\t\t\t\t\n\t\t\t\t\n\t\t\t\t\n\t\t\t\t\n\t\t\t\t\n\t\t\t\t<div class=\"et_pb_module_inner\">\n\t\t\t\t\t<div class=\"dica-item image_top swiper-lazy loading\"   data-hash=\"dica_divi_carouselitem_3\">\r\n\t\t\t\t\t\t\t\t\t\r\n\t\t\t\t\t\t\t\t\t<div class=\"dica-item-content\"><h4 class=\"item-title\">\u00bbD\u00e9lices<\/h4>        <\/div>\r\n\t\t\t\t\t\t\t<\/div>\n\t\t\t\t<\/div>\n\t\t\t<\/div><\/p>","protected":false},"author":200466052,"featured_media":0,"parent":0,"menu_order":0,"comment_status":"closed","ping_status":"closed","template":"","meta":{"_et_pb_use_builder":"on","_et_pb_old_content":"<!-- wp:divi\/placeholder \/-->","_et_gb_content_width":"","_coblocks_attr":"","_coblocks_dimensions":"","_coblocks_responsive_height":"","_coblocks_accordion_ie_support":"","footnotes":""},"class_list":["post-3648","page","type-page","status-publish","hentry"],"amp_enabled":true,"_links":{"self":[{"href":"https:\/\/www.milco.ch\/de\/wp-json\/wp\/v2\/pages\/3648","targetHints":{"allow":["GET"]}}],"collection":[{"href":"https:\/\/www.milco.ch\/de\/wp-json\/wp\/v2\/pages"}],"about":[{"href":"https:\/\/www.milco.ch\/de\/wp-json\/wp\/v2\/types\/page"}],"author":[{"embeddable":true,"href":"https:\/\/www.milco.ch\/de\/wp-json\/wp\/v2\/users\/200466052"}],"replies":[{"embeddable":true,"href":"https:\/\/www.milco.ch\/de\/wp-json\/wp\/v2\/comments?post=3648"}],"version-history":[{"count":37,"href":"https:\/\/www.milco.ch\/de\/wp-json\/wp\/v2\/pages\/3648\/revisions"}],"predecessor-version":[{"id":4777,"href":"https:\/\/www.milco.ch\/de\/wp-json\/wp\/v2\/pages\/3648\/revisions\/4777"}],"wp:attachment":[{"href":"https:\/\/www.milco.ch\/de\/wp-json\/wp\/v2\/media?parent=3648"}],"curies":[{"name":"wp","href":"https:\/\/api.w.org\/{rel}","templated":true}]}}